{"id":828,"date":"2024-10-22T14:22:18","date_gmt":"2024-10-22T12:22:18","guid":{"rendered":"https:\/\/www.ghezzirenzo.it\/unternehmen\/"},"modified":"2024-11-11T10:20:02","modified_gmt":"2024-11-11T09:20:02","slug":"unternehmen","status":"publish","type":"page","link":"https:\/\/www.ghezzirenzo.it\/de\/unternehmen\/","title":{"rendered":"Unternehmen"},"content":{"rendered":"\t\t<div data-elementor-type=\"wp-page\" data-elementor-id=\"828\" class=\"elementor elementor-828 elementor-89\" data-elementor-post-type=\"page\">\n\t\t\t\t<div class=\"elementor-element elementor-element-e9bff68 e-flex e-con-boxed e-con e-parent\" data-id=\"e9bff68\" data-element_type=\"container\" data-settings=\"{&quot;background_background&quot;:&quot;classic&quot;,&quot;shape_divider_bottom&quot;:&quot;triangle-asymmetrical&quot;,&quot;shape_divider_bottom_negative&quot;:&quot;yes&quot;}\">\n\t\t\t\t\t<div class=\"e-con-inner\">\n\t\t\t\t<div class=\"elementor-shape elementor-shape-bottom\" aria-hidden=\"true\" data-negative=\"true\">\n\t\t\t<svg xmlns=\"http:\/\/www.w3.org\/2000\/svg\" viewBox=\"0 0 1000 100\" preserveAspectRatio=\"none\">\n\t<path class=\"elementor-shape-fill\" d=\"M737.9,94.7L0,0v100h1000V0L737.9,94.7z\"\/>\n<\/svg>\t\t<\/div>\n\t\t\t\t\t<\/div>\n\t\t\t\t<\/div>\n\t\t<div class=\"elementor-element elementor-element-93353c2 e-flex e-con-boxed e-con e-parent\" data-id=\"93353c2\" data-element_type=\"container\" data-settings=\"{&quot;background_background&quot;:&quot;classic&quot;}\">\n\t\t\t\t\t<div class=\"e-con-inner\">\n\t\t<div class=\"elementor-element elementor-element-5e72a64 e-con-full e-flex e-con e-child\" data-id=\"5e72a64\" data-element_type=\"container\">\n\t\t\t\t<div class=\"elementor-element elementor-element-9bda8ec elementor-widget-divider--separator-type-pattern elementor-widget-divider--view-line elementor-widget elementor-widget-divider\" data-id=\"9bda8ec\" data-element_type=\"widget\" data-widget_type=\"divider.default\">\n\t\t\t\t\t\t\t<div class=\"elementor-divider\" style=\"--divider-pattern-url: url(&quot;data:image\/svg+xml,%3Csvg xmlns=&#039;http:\/\/www.w3.org\/2000\/svg&#039; preserveAspectRatio=&#039;none&#039; overflow=&#039;visible&#039; height=&#039;100%&#039; viewBox=&#039;0 0 24 24&#039; fill=&#039;black&#039; stroke=&#039;none&#039;%3E%3Cpolygon points=&#039;9.4,2 24,2 14.6,21.6 0,21.6&#039;\/%3E%3C\/svg%3E&quot;);\">\n\t\t\t<span class=\"elementor-divider-separator\">\n\t\t\t\t\t\t<\/span>\n\t\t<\/div>\n\t\t\t\t\t\t<\/div>\n\t\t\t\t<div class=\"elementor-element elementor-element-583d265 elementor-widget elementor-widget-heading\" data-id=\"583d265\" data-element_type=\"widget\" data-widget_type=\"heading.default\">\n\t\t\t\t\t<h2 class=\"elementor-heading-title elementor-size-default\">Mechanische Dreherei<\/h2>\t\t\t\t<\/div>\n\t\t\t\t<div class=\"elementor-element elementor-element-5b56bc5 elementor-widget elementor-widget-heading\" data-id=\"5b56bc5\" data-element_type=\"widget\" data-widget_type=\"heading.default\">\n\t\t\t\t\t<h3 class=\"elementor-heading-title elementor-size-default\">Ghezzi Renzo<\/h3>\t\t\t\t<\/div>\n\t\t\t\t<div class=\"elementor-element elementor-element-48e93e8 elementor-widget elementor-widget-text-editor\" data-id=\"48e93e8\" data-element_type=\"widget\" data-widget_type=\"text-editor.default\">\n\t\t\t\t\t\t\t\t\t<p>Mit mehr als 60 Jahren Erfahrung im Zulieferbereich bietet die mechanische Dreherei Ghezzi Renzo qualitativ hochwertige L\u00f6sungen und garantiert eine schnelle und effiziente Auftragsabwicklung.<\/p>\n<p>Das 1961 in Lecco gegr\u00fcndete Unternehmen Ghezzi Renzo ist im Laufe der Zeit gewachsen und hat seinen Ruf im Bereich des Maschinenbaus gefestigt. <br \/>Heute arbeiten wir mit einem Team von 10 Mitarbeitern an der st\u00e4ndigen Innovation und Verbesserung unserer Produktionsprozesse, um den Anforderungen unserer Kunden gerecht zu werden.<\/p>\n<p>Wir sind auf Dreh- und Fr\u00e4sarbeiten spezialisiert und arbeiten mit CNC-Stangen- und Schie\u00dfdrehautomaten, CNC-Fr\u00e4smaschinen und CNC-Langdrehautomaten. Dank dieser fortschrittlichen Technologien sind wir in der Lage, Bauteile von hoher Pr\u00e4zision und Komplexit\u00e4t herzustellen. <\/p>\n<p>Unser Unternehmen verf\u00fcgt \u00fcber eine \u00fcberdachte Fl\u00e4che von 850 Quadratmetern, wovon 650 Quadratmeter auf die Produktion und 200 Quadratmeter auf das \u00fcberdachte Lager entfallen. Au\u00dferdem verf\u00fcgen wir \u00fcber einen gro\u00dfen Au\u00dfenbereich von 1.000 Quadratmetern, der es uns erm\u00f6glicht, die logistischen Abl\u00e4ufe problemlos zu verwalten. <\/p>\n<p>Qualit\u00e4t und Schnelligkeit der Auftragsabwicklung sind unsere St\u00e4rken, die sich aus einer effizienten Organisation und gesammelter Erfahrung ergeben.<\/p>\n\t\t\t\t\t\t\t\t<\/div>\n\t\t\t\t<\/div>\n\t\t<div class=\"elementor-element elementor-element-618b90a e-con-full e-flex e-con e-child\" data-id=\"618b90a\" data-element_type=\"container\">\n\t\t\t\t<div class=\"elementor-element elementor-element-536924e elementor-widget elementor-widget-image\" data-id=\"536924e\" data-element_type=\"widget\" data-widget_type=\"image.default\">\n\t\t\t\t\t\t\t\t\t\t\t\t\t\t\t<img fetchpriority=\"high\" decoding=\"async\" width=\"800\" height=\"534\" src=\"https:\/\/www.ghezzirenzo.it\/wp-content\/uploads\/2024\/10\/Ghezzi-Renzo-Azienda-1024x683.webp\" class=\"attachment-large size-large wp-image-847\" alt=\"Ghezzi Renzo\" srcset=\"https:\/\/www.ghezzirenzo.it\/wp-content\/uploads\/2024\/10\/Ghezzi-Renzo-Azienda-1024x683.webp 1024w, https:\/\/www.ghezzirenzo.it\/wp-content\/uploads\/2024\/10\/Ghezzi-Renzo-Azienda-300x200.webp 300w, https:\/\/www.ghezzirenzo.it\/wp-content\/uploads\/2024\/10\/Ghezzi-Renzo-Azienda-768x512.webp 768w, https:\/\/www.ghezzirenzo.it\/wp-content\/uploads\/2024\/10\/Ghezzi-Renzo-Azienda.webp 1200w\" sizes=\"(max-width: 800px) 100vw, 800px\" title=\"Ghezzi Renzo\">\t\t\t\t\t\t\t\t\t\t\t\t\t\t\t<\/div>\n\t\t\t\t<\/div>\n\t\t\t\t\t<\/div>\n\t\t\t\t<\/div>\n\t\t\t\t<\/div>\n\t\t","protected":false},"excerpt":{"rendered":"<p>Mechanische Dreherei Ghezzi Renzo Mit mehr als 60 Jahren Erfahrung im Zulieferbereich bietet die mechanische Dreherei Ghezzi Renzo qualitativ hochwertige L\u00f6sungen und garantiert eine schnelle und effiziente Auftragsabwicklung. Das 1961 in Lecco gegr\u00fcndete Unternehmen Ghezzi Renzo ist im Laufe der Zeit gewachsen und hat seinen Ruf im Bereich des Maschinenbaus gefestigt. Heute arbeiten wir mit [&hellip;]<\/p>\n","protected":false},"author":1,"featured_media":0,"parent":0,"menu_order":0,"comment_status":"closed","ping_status":"closed","template":"","meta":{"footnotes":""},"class_list":["post-828","page","type-page","status-publish","hentry"],"_links":{"self":[{"href":"https:\/\/www.ghezzirenzo.it\/de\/wp-json\/wp\/v2\/pages\/828","targetHints":{"allow":["GET"]}}],"collection":[{"href":"https:\/\/www.ghezzirenzo.it\/de\/wp-json\/wp\/v2\/pages"}],"about":[{"href":"https:\/\/www.ghezzirenzo.it\/de\/wp-json\/wp\/v2\/types\/page"}],"author":[{"embeddable":true,"href":"https:\/\/www.ghezzirenzo.it\/de\/wp-json\/wp\/v2\/users\/1"}],"replies":[{"embeddable":true,"href":"https:\/\/www.ghezzirenzo.it\/de\/wp-json\/wp\/v2\/comments?post=828"}],"version-history":[{"count":1,"href":"https:\/\/www.ghezzirenzo.it\/de\/wp-json\/wp\/v2\/pages\/828\/revisions"}],"predecessor-version":[{"id":829,"href":"https:\/\/www.ghezzirenzo.it\/de\/wp-json\/wp\/v2\/pages\/828\/revisions\/829"}],"wp:attachment":[{"href":"https:\/\/www.ghezzirenzo.it\/de\/wp-json\/wp\/v2\/media?parent=828"}],"curies":[{"name":"wp","href":"https:\/\/api.w.org\/{rel}","templated":true}]}}