{"id":843,"date":"2024-10-22T11:00:44","date_gmt":"2024-10-22T09:00:44","guid":{"rendered":"https:\/\/www.ghezzirenzo.it\/ghezzi-renzo\/"},"modified":"2024-11-11T10:31:53","modified_gmt":"2024-11-11T09:31:53","slug":"ghezzi-renzo","status":"publish","type":"page","link":"https:\/\/www.ghezzirenzo.it\/de\/","title":{"rendered":"Ghezzi Renzo"},"content":{"rendered":"\t\t<div data-elementor-type=\"wp-page\" data-elementor-id=\"843\" class=\"elementor elementor-843 elementor-45\" data-elementor-post-type=\"page\">\n\t\t\t\t<div class=\"elementor-element elementor-element-b4a6e23 e-flex e-con-boxed e-con e-parent\" data-id=\"b4a6e23\" data-element_type=\"container\" data-settings=\"{&quot;background_background&quot;:&quot;classic&quot;,&quot;shape_divider_bottom&quot;:&quot;triangle-asymmetrical&quot;,&quot;shape_divider_bottom_negative&quot;:&quot;yes&quot;}\">\n\t\t\t\t\t<div class=\"e-con-inner\">\n\t\t\t\t<div class=\"elementor-shape elementor-shape-bottom\" aria-hidden=\"true\" data-negative=\"true\">\n\t\t\t<svg xmlns=\"http:\/\/www.w3.org\/2000\/svg\" viewBox=\"0 0 1000 100\" preserveAspectRatio=\"none\">\n\t<path class=\"elementor-shape-fill\" d=\"M737.9,94.7L0,0v100h1000V0L737.9,94.7z\"\/>\n<\/svg>\t\t<\/div>\n\t\t<div class=\"elementor-element elementor-element-cdf30dc e-con-full e-flex e-con e-child\" data-id=\"cdf30dc\" data-element_type=\"container\">\n\t\t\t\t<div class=\"elementor-element elementor-element-9b5f5aa elementor-widget-divider--separator-type-pattern elementor-widget-divider--view-line elementor-widget elementor-widget-divider\" data-id=\"9b5f5aa\" data-element_type=\"widget\" data-widget_type=\"divider.default\">\n\t\t\t\t\t\t\t<div class=\"elementor-divider\" style=\"--divider-pattern-url: url(&quot;data:image\/svg+xml,%3Csvg xmlns=&#039;http:\/\/www.w3.org\/2000\/svg&#039; preserveAspectRatio=&#039;none&#039; overflow=&#039;visible&#039; height=&#039;100%&#039; viewBox=&#039;0 0 24 24&#039; fill=&#039;black&#039; stroke=&#039;none&#039;%3E%3Cpolygon points=&#039;9.4,2 24,2 14.6,21.6 0,21.6&#039;\/%3E%3C\/svg%3E&quot;);\">\n\t\t\t<span class=\"elementor-divider-separator\">\n\t\t\t\t\t\t<\/span>\n\t\t<\/div>\n\t\t\t\t\t\t<\/div>\n\t\t\t\t<div class=\"elementor-element elementor-element-9e34828 elementor-widget elementor-widget-heading\" data-id=\"9e34828\" data-element_type=\"widget\" data-widget_type=\"heading.default\">\n\t\t\t\t\t<h1 class=\"elementor-heading-title elementor-size-default\">CNC-Drehautomaten<\/h1>\t\t\t\t<\/div>\n\t\t\t\t<div class=\"elementor-element elementor-element-d95e3f1 elementor-widget elementor-widget-heading\" data-id=\"d95e3f1\" data-element_type=\"widget\" data-widget_type=\"heading.default\">\n\t\t\t\t\t<h2 class=\"elementor-heading-title elementor-size-default\">Ihre Form unsere Pr\u00e4zision<\/h2>\t\t\t\t<\/div>\n\t\t\t\t<div class=\"elementor-element elementor-element-a99421d elementor-widget__width-initial elementor-widget-mobile__width-inherit elementor-widget elementor-widget-text-editor\" data-id=\"a99421d\" data-element_type=\"widget\" data-widget_type=\"text-editor.default\">\n\t\t\t\t\t\t\t\t\t<p>Seit 1961 sind wir auf das Drehen und Fr\u00e4sen von AVP-Stahl, legierten St\u00e4hlen, Verg\u00fctungsst\u00e4hlen, Messing, Aluminium, Kupfer, Nylon, Delrin, PVC und Edelstahl spezialisiert.<\/p>\n\t\t\t\t\t\t\t\t<\/div>\n\t\t<div class=\"elementor-element elementor-element-4006130 e-con-full e-flex e-con e-child\" data-id=\"4006130\" data-element_type=\"container\">\n\t\t\t\t<div class=\"elementor-element elementor-element-ba6f16f elementor-widget elementor-widget-button\" data-id=\"ba6f16f\" data-element_type=\"widget\" data-widget_type=\"button.default\">\n\t\t\t\t\t\t\t\t\t\t<a class=\"elementor-button elementor-button-link elementor-size-sm\" href=\"https:\/\/www.ghezzirenzo.it\/de\/bearbeitungen\/\">\n\t\t\t\t\t\t<span class=\"elementor-button-content-wrapper\">\n\t\t\t\t\t\t\t\t\t<span class=\"elementor-button-text\">Bearbeitungen<\/span>\n\t\t\t\t\t<\/span>\n\t\t\t\t\t<\/a>\n\t\t\t\t\t\t\t\t<\/div>\n\t\t\t\t<div class=\"elementor-element elementor-element-81c3f5c elementor-widget elementor-widget-button\" data-id=\"81c3f5c\" data-element_type=\"widget\" data-widget_type=\"button.default\">\n\t\t\t\t\t\t\t\t\t\t<a class=\"elementor-button elementor-button-link elementor-size-sm\" href=\"https:\/\/www.ghezzirenzo.it\/de\/maschinenpark\/\">\n\t\t\t\t\t\t<span class=\"elementor-button-content-wrapper\">\n\t\t\t\t\t\t\t\t\t<span class=\"elementor-button-text\">Maschinenpark<\/span>\n\t\t\t\t\t<\/span>\n\t\t\t\t\t<\/a>\n\t\t\t\t\t\t\t\t<\/div>\n\t\t\t\t<\/div>\n\t\t\t\t<\/div>\n\t\t<div class=\"elementor-element elementor-element-41cedbf e-con-full e-flex e-con e-child\" data-id=\"41cedbf\" data-element_type=\"container\">\n\t\t\t\t<div class=\"elementor-element elementor-element-9a2cee2 elementor-widget elementor-widget-image\" data-id=\"9a2cee2\" data-element_type=\"widget\" data-widget_type=\"image.default\">\n\t\t\t\t\t\t\t\t\t\t\t\t\t\t\t<img fetchpriority=\"high\" decoding=\"async\" width=\"800\" height=\"452\" src=\"https:\/\/www.ghezzirenzo.it\/wp-content\/uploads\/2024\/10\/Ghezzi-Renzo-pezzo-tornito-1-1-1024x579.webp\" class=\"attachment-large size-large wp-image-851\" alt=\"Ghezzi Renzo\" srcset=\"https:\/\/www.ghezzirenzo.it\/wp-content\/uploads\/2024\/10\/Ghezzi-Renzo-pezzo-tornito-1-1-1024x579.webp 1024w, https:\/\/www.ghezzirenzo.it\/wp-content\/uploads\/2024\/10\/Ghezzi-Renzo-pezzo-tornito-1-1-300x170.webp 300w, https:\/\/www.ghezzirenzo.it\/wp-content\/uploads\/2024\/10\/Ghezzi-Renzo-pezzo-tornito-1-1-768x435.webp 768w, https:\/\/www.ghezzirenzo.it\/wp-content\/uploads\/2024\/10\/Ghezzi-Renzo-pezzo-tornito-1-1.webp 1200w\" sizes=\"(max-width: 800px) 100vw, 800px\" title=\"Ghezzi Renzo\">\t\t\t\t\t\t\t\t\t\t\t\t\t\t\t<\/div>\n\t\t\t\t<\/div>\n\t\t\t\t\t<\/div>\n\t\t\t\t<\/div>\n\t\t<div class=\"elementor-element elementor-element-7fb0a0f e-flex e-con-boxed e-con e-parent\" data-id=\"7fb0a0f\" data-element_type=\"container\">\n\t\t\t\t\t<div class=\"e-con-inner\">\n\t\t<div class=\"elementor-element elementor-element-5faa4db e-con-full e-flex e-con e-child\" data-id=\"5faa4db\" data-element_type=\"container\" data-settings=\"{&quot;background_background&quot;:&quot;classic&quot;}\">\n\t\t\t\t<div class=\"elementor-element elementor-element-76c2f0b elementor-widget-divider--separator-type-pattern elementor-widget-divider--view-line elementor-widget elementor-widget-divider\" data-id=\"76c2f0b\" data-element_type=\"widget\" data-widget_type=\"divider.default\">\n\t\t\t\t\t\t\t<div class=\"elementor-divider\" style=\"--divider-pattern-url: url(&quot;data:image\/svg+xml,%3Csvg xmlns=&#039;http:\/\/www.w3.org\/2000\/svg&#039; preserveAspectRatio=&#039;none&#039; overflow=&#039;visible&#039; height=&#039;100%&#039; viewBox=&#039;0 0 24 24&#039; fill=&#039;black&#039; stroke=&#039;none&#039;%3E%3Cpolygon points=&#039;9.4,2 24,2 14.6,21.6 0,21.6&#039;\/%3E%3C\/svg%3E&quot;);\">\n\t\t\t<span class=\"elementor-divider-separator\">\n\t\t\t\t\t\t<\/span>\n\t\t<\/div>\n\t\t\t\t\t\t<\/div>\n\t\t\t\t<div class=\"elementor-element elementor-element-c31d34b elementor-widget__width-initial elementor-widget-mobile__width-inherit elementor-widget elementor-widget-heading\" data-id=\"c31d34b\" data-element_type=\"widget\" data-widget_type=\"heading.default\">\n\t\t\t\t\t<h3 class=\"elementor-heading-title elementor-size-default\"><font class=\"evidenza\">Gedrehte<\/font> und <font class=\"evidenza\">gefr\u00e4ste<\/font> Metallteile<\/h3>\t\t\t\t<\/div>\n\t\t\t\t<div class=\"elementor-element elementor-element-038b3c3 elementor-widget__width-initial elementor-widget elementor-widget-text-editor\" data-id=\"038b3c3\" data-element_type=\"widget\" data-widget_type=\"text-editor.default\">\n\t\t\t\t\t\t\t\t\t<p>Mit mehr als 60 Jahren Erfahrung und einem hochmodernen Maschinenpark erf\u00fcllen wir die Anforderungen der verschiedenen Branchen und garantieren Schnelligkeit, Pr\u00e4zision und h\u00f6chste Qualit\u00e4t in jedem Prozess.<\/p>\n\t\t\t\t\t\t\t\t<\/div>\n\t\t\t\t<\/div>\n\t\t\t\t\t<\/div>\n\t\t\t\t<\/div>\n\t\t<div class=\"elementor-element elementor-element-ac1e7ad e-flex e-con-boxed e-con e-parent\" data-id=\"ac1e7ad\" data-element_type=\"container\">\n\t\t\t\t\t<div class=\"e-con-inner\">\n\t\t<div class=\"elementor-element elementor-element-6832433 e-con-full e-flex e-con e-child\" data-id=\"6832433\" data-element_type=\"container\">\n\t\t\t\t<div class=\"elementor-element elementor-element-3fb6563 elementor-widget elementor-widget-image\" data-id=\"3fb6563\" data-element_type=\"widget\" data-widget_type=\"image.default\">\n\t\t\t\t\t\t\t\t\t\t\t\t\t\t\t<img decoding=\"async\" width=\"800\" height=\"534\" src=\"https:\/\/www.ghezzirenzo.it\/wp-content\/uploads\/2024\/10\/Ghezzi-Renzo-Azienda-1024x683.webp\" class=\"attachment-large size-large wp-image-847\" alt=\"Ghezzi Renzo\" srcset=\"https:\/\/www.ghezzirenzo.it\/wp-content\/uploads\/2024\/10\/Ghezzi-Renzo-Azienda-1024x683.webp 1024w, https:\/\/www.ghezzirenzo.it\/wp-content\/uploads\/2024\/10\/Ghezzi-Renzo-Azienda-300x200.webp 300w, https:\/\/www.ghezzirenzo.it\/wp-content\/uploads\/2024\/10\/Ghezzi-Renzo-Azienda-768x512.webp 768w, https:\/\/www.ghezzirenzo.it\/wp-content\/uploads\/2024\/10\/Ghezzi-Renzo-Azienda.webp 1200w\" sizes=\"(max-width: 800px) 100vw, 800px\" title=\"Ghezzi Renzo\">\t\t\t\t\t\t\t\t\t\t\t\t\t\t\t<\/div>\n\t\t\t\t<\/div>\n\t\t<div class=\"elementor-element elementor-element-323bbcb e-con-full e-flex e-con e-child\" data-id=\"323bbcb\" data-element_type=\"container\">\n\t\t\t\t<div class=\"elementor-element elementor-element-384b328 elementor-widget elementor-widget-heading\" data-id=\"384b328\" data-element_type=\"widget\" data-widget_type=\"heading.default\">\n\t\t\t\t\t<h6 class=\"elementor-heading-title elementor-size-default\">Seit 1961<\/h6>\t\t\t\t<\/div>\n\t\t\t\t<div class=\"elementor-element elementor-element-1331222 elementor-widget elementor-widget-heading\" data-id=\"1331222\" data-element_type=\"widget\" data-widget_type=\"heading.default\">\n\t\t\t\t\t<h3 class=\"elementor-heading-title elementor-size-default\">GHEZZI RENZO s.r.l.<\/h3>\t\t\t\t<\/div>\n\t\t\t\t<div class=\"elementor-element elementor-element-d9c39ca elementor-widget elementor-widget-text-editor\" data-id=\"d9c39ca\" data-element_type=\"widget\" data-widget_type=\"text-editor.default\">\n\t\t\t\t\t\t\t\t\t<p>Unsere Dreherei widmet sich der mechanischen Auftragsfertigung und bietet hochpr\u00e4zise Dreh- und Fr\u00e4sdienstleistungen an. Mit einem Team von 10 Fachleuten arbeiten wir in einem 650 Quadratmeter gro\u00dfen Produktionsbereich, der von einem 200 Quadratmeter gro\u00dfen \u00fcberdachten Lager und einem 1.000 Quadratmeter gro\u00dfen Au\u00dfengel\u00e4nde flankiert wird. <\/p>\n\t\t\t\t\t\t\t\t<\/div>\n\t\t<div class=\"elementor-element elementor-element-2d4401c e-con-full e-flex e-con e-child\" data-id=\"2d4401c\" data-element_type=\"container\">\n\t\t\t\t<div class=\"elementor-element elementor-element-5021f34 elementor-position-left elementor-vertical-align-middle elementor-mobile-position-left elementor-view-default elementor-widget elementor-widget-icon-box\" data-id=\"5021f34\" data-element_type=\"widget\" data-widget_type=\"icon-box.default\">\n\t\t\t\t\t\t\t<div class=\"elementor-icon-box-wrapper\">\n\n\t\t\t\t\t\t<div class=\"elementor-icon-box-icon\">\n\t\t\t\t<span  class=\"elementor-icon\">\n\t\t\t\t<svg aria-hidden=\"true\" class=\"e-font-icon-svg e-far-check-square\" viewBox=\"0 0 448 512\" xmlns=\"http:\/\/www.w3.org\/2000\/svg\"><path d=\"M400 32H48C21.49 32 0 53.49 0 80v352c0 26.51 21.49 48 48 48h352c26.51 0 48-21.49 48-48V80c0-26.51-21.49-48-48-48zm0 400H48V80h352v352zm-35.864-241.724L191.547 361.48c-4.705 4.667-12.303 4.637-16.97-.068l-90.781-91.516c-4.667-4.705-4.637-12.303.069-16.971l22.719-22.536c4.705-4.667 12.303-4.637 16.97.069l59.792 60.277 141.352-140.216c4.705-4.667 12.303-4.637 16.97.068l22.536 22.718c4.667 4.706 4.637 12.304-.068 16.971z\"><\/path><\/svg>\t\t\t\t<\/span>\n\t\t\t<\/div>\n\t\t\t\n\t\t\t\t\t\t<div class=\"elementor-icon-box-content\">\n\n\t\t\t\t\t\t\t\t\t<h5 class=\"elementor-icon-box-title\">\n\t\t\t\t\t\t<span  >\n\t\t\t\t\t\t\tQUALIT\u00c4TSKONTROLLE\t\t\t\t\t\t<\/span>\n\t\t\t\t\t<\/h5>\n\t\t\t\t\n\t\t\t\t\n\t\t\t<\/div>\n\t\t\t\n\t\t<\/div>\n\t\t\t\t\t\t<\/div>\n\t\t\t\t<div class=\"elementor-element elementor-element-db769d5 elementor-position-left elementor-vertical-align-middle elementor-mobile-position-left elementor-view-default elementor-widget elementor-widget-icon-box\" data-id=\"db769d5\" data-element_type=\"widget\" data-widget_type=\"icon-box.default\">\n\t\t\t\t\t\t\t<div class=\"elementor-icon-box-wrapper\">\n\n\t\t\t\t\t\t<div class=\"elementor-icon-box-icon\">\n\t\t\t\t<span  class=\"elementor-icon\">\n\t\t\t\t<svg aria-hidden=\"true\" class=\"e-font-icon-svg e-far-check-square\" viewBox=\"0 0 448 512\" xmlns=\"http:\/\/www.w3.org\/2000\/svg\"><path d=\"M400 32H48C21.49 32 0 53.49 0 80v352c0 26.51 21.49 48 48 48h352c26.51 0 48-21.49 48-48V80c0-26.51-21.49-48-48-48zm0 400H48V80h352v352zm-35.864-241.724L191.547 361.48c-4.705 4.667-12.303 4.637-16.97-.068l-90.781-91.516c-4.667-4.705-4.637-12.303.069-16.971l22.719-22.536c4.705-4.667 12.303-4.637 16.97.069l59.792 60.277 141.352-140.216c4.705-4.667 12.303-4.637 16.97.068l22.536 22.718c4.667 4.706 4.637 12.304-.068 16.971z\"><\/path><\/svg>\t\t\t\t<\/span>\n\t\t\t<\/div>\n\t\t\t\n\t\t\t\t\t\t<div class=\"elementor-icon-box-content\">\n\n\t\t\t\t\t\t\t\t\t<h5 class=\"elementor-icon-box-title\">\n\t\t\t\t\t\t<span  >\n\t\t\t\t\t\t\tSCHNELLE PRODUKTION\t\t\t\t\t\t<\/span>\n\t\t\t\t\t<\/h5>\n\t\t\t\t\n\t\t\t\t\n\t\t\t<\/div>\n\t\t\t\n\t\t<\/div>\n\t\t\t\t\t\t<\/div>\n\t\t\t\t<\/div>\n\t\t\t\t<div class=\"elementor-element elementor-element-81b6ccb elementor-widget elementor-widget-button\" data-id=\"81b6ccb\" data-element_type=\"widget\" data-widget_type=\"button.default\">\n\t\t\t\t\t\t\t\t\t\t<a class=\"elementor-button elementor-button-link elementor-size-sm\" href=\"https:\/\/www.ghezzirenzo.it\/de\/unternehmen\/\">\n\t\t\t\t\t\t<span class=\"elementor-button-content-wrapper\">\n\t\t\t\t\t\t\t\t\t<span class=\"elementor-button-text\">\u00dcber uns<\/span>\n\t\t\t\t\t<\/span>\n\t\t\t\t\t<\/a>\n\t\t\t\t\t\t\t\t<\/div>\n\t\t\t\t<\/div>\n\t\t\t\t\t<\/div>\n\t\t\t\t<\/div>\n\t\t<div class=\"elementor-element elementor-element-16d56f5 e-flex e-con-boxed e-con e-parent\" data-id=\"16d56f5\" data-element_type=\"container\" data-settings=\"{&quot;background_background&quot;:&quot;classic&quot;}\">\n\t\t\t\t\t<div class=\"e-con-inner\">\n\t\t\t\t<div class=\"elementor-element elementor-element-73c48c0 elementor-widget elementor-widget-heading\" data-id=\"73c48c0\" data-element_type=\"widget\" data-widget_type=\"heading.default\">\n\t\t\t\t\t<h3 class=\"elementor-heading-title elementor-size-default\">Unsere <font class=\"evidenza\">Branchen<\/font><\/h3>\t\t\t\t<\/div>\n\t\t\t\t<div class=\"elementor-element elementor-element-4f1556b elementor-widget__width-initial elementor-widget elementor-widget-text-editor\" data-id=\"4f1556b\" data-element_type=\"widget\" data-widget_type=\"text-editor.default\">\n\t\t\t\t\t\t\t\t\t<p>Wir beliefern eine Vielzahl von Branchen, darunter die Petrochemie, den Maschinenbau, die Motorradindustrie und viele andere, und bieten Pr\u00e4zisionsbearbeitungen f\u00fcr eine Vielzahl von Materialien wie St\u00e4hle, Leichtmetalllegierungen und Kunststoffe an. <br \/>Dank unserer Erfahrung und der fortschrittlichen Technologie unserer CNC-Maschinen garantieren wir ma\u00dfgeschneiderte, qualitativ hochwertige L\u00f6sungen, die sich an die spezifischen Bed\u00fcrfnisse jeder Branche anpassen.<\/p>\n\t\t\t\t\t\t\t\t<\/div>\n\t\t<div class=\"elementor-element elementor-element-c28821f e-con-full e-flex e-con e-child\" data-id=\"c28821f\" data-element_type=\"container\">\n\t\t\t\t<div class=\"elementor-element elementor-element-b1f5eb3 elementor-cta--skin-cover elementor-cta--valign-bottom elementor-widget__width-initial elementor-widget-mobile__width-inherit elementor-widget elementor-widget-call-to-action\" data-id=\"b1f5eb3\" data-element_type=\"widget\" data-widget_type=\"call-to-action.default\">\n\t\t\t\t\t\t\t<div class=\"elementor-cta\">\n\t\t\t\t\t<div class=\"elementor-cta__bg-wrapper\">\n\t\t\t\t<div class=\"elementor-cta__bg elementor-bg\" style=\"background-image: url(https:\/\/www.ghezzirenzo.it\/wp-content\/uploads\/2024\/10\/Ghezzi-Settore-arredamento.webp);\" role=\"img\" aria-label=\"Ghezzi-Settore-arredamento\"><\/div>\n\t\t\t\t<div class=\"elementor-cta__bg-overlay\"><\/div>\n\t\t\t<\/div>\n\t\t\t\t\t\t\t<div class=\"elementor-cta__content\">\n\t\t\t\t\n\t\t\t\t\t\t\t\t\t<h6 class=\"elementor-cta__title elementor-cta__content-item elementor-content-item\">\n\t\t\t\t\t\tM\u00f6bel\t\t\t\t\t<\/h6>\n\t\t\t\t\n\t\t\t\t\n\t\t\t\t\t\t\t<\/div>\n\t\t\t\t\t\t<\/div>\n\t\t\t\t\t\t<\/div>\n\t\t\t\t<div class=\"elementor-element elementor-element-9ec73ef elementor-cta--skin-cover elementor-cta--valign-bottom elementor-widget__width-initial elementor-widget-mobile__width-inherit elementor-widget elementor-widget-call-to-action\" data-id=\"9ec73ef\" data-element_type=\"widget\" data-widget_type=\"call-to-action.default\">\n\t\t\t\t\t\t\t<div class=\"elementor-cta\">\n\t\t\t\t\t<div class=\"elementor-cta__bg-wrapper\">\n\t\t\t\t<div class=\"elementor-cta__bg elementor-bg\" style=\"background-image: url(https:\/\/www.ghezzirenzo.it\/wp-content\/uploads\/2024\/10\/Ghezzi-Settore-alimentare-1.webp);\" role=\"img\" aria-label=\"Ghezzi-Settore-alimentare\"><\/div>\n\t\t\t\t<div class=\"elementor-cta__bg-overlay\"><\/div>\n\t\t\t<\/div>\n\t\t\t\t\t\t\t<div class=\"elementor-cta__content\">\n\t\t\t\t\n\t\t\t\t\t\t\t\t\t<h6 class=\"elementor-cta__title elementor-cta__content-item elementor-content-item\">\n\t\t\t\t\t\tLebensmittel\t\t\t\t\t<\/h6>\n\t\t\t\t\n\t\t\t\t\n\t\t\t\t\t\t\t<\/div>\n\t\t\t\t\t\t<\/div>\n\t\t\t\t\t\t<\/div>\n\t\t\t\t<div class=\"elementor-element elementor-element-3236718 elementor-cta--skin-cover elementor-cta--valign-bottom elementor-widget__width-initial elementor-widget-mobile__width-inherit elementor-widget elementor-widget-call-to-action\" data-id=\"3236718\" data-element_type=\"widget\" data-widget_type=\"call-to-action.default\">\n\t\t\t\t\t\t\t<div class=\"elementor-cta\">\n\t\t\t\t\t<div class=\"elementor-cta__bg-wrapper\">\n\t\t\t\t<div class=\"elementor-cta__bg elementor-bg\" style=\"background-image: url(https:\/\/www.ghezzirenzo.it\/wp-content\/uploads\/2024\/10\/Ghezzi-Settore-Safety-Equipment.webp);\" role=\"img\" aria-label=\"Ghezzi-Settore-Safety-Equipment\"><\/div>\n\t\t\t\t<div class=\"elementor-cta__bg-overlay\"><\/div>\n\t\t\t<\/div>\n\t\t\t\t\t\t\t<div class=\"elementor-cta__content\">\n\t\t\t\t\n\t\t\t\t\t\t\t\t\t<h6 class=\"elementor-cta__title elementor-cta__content-item elementor-content-item\">\n\t\t\t\t\t\tSicherheitsausr\u00fcstung\t\t\t\t\t<\/h6>\n\t\t\t\t\n\t\t\t\t\n\t\t\t\t\t\t\t<\/div>\n\t\t\t\t\t\t<\/div>\n\t\t\t\t\t\t<\/div>\n\t\t\t\t<div class=\"elementor-element elementor-element-aaf5694 elementor-cta--skin-cover elementor-cta--valign-middle elementor-widget__width-initial elementor-widget-tablet__width-initial elementor-widget-mobile__width-inherit elementor-animated-content elementor-widget elementor-widget-call-to-action\" data-id=\"aaf5694\" data-element_type=\"widget\" data-widget_type=\"call-to-action.default\">\n\t\t\t\t\t\t\t<a class=\"elementor-cta\" href=\"https:\/\/www.ghezzirenzo.it\/de\/bearbeitungen\/\">\n\t\t\t\t\t<div class=\"elementor-cta__bg-wrapper\">\n\t\t\t\t<div class=\"elementor-cta__bg elementor-bg\" style=\"background-image: url(https:\/\/www.ghezzirenzo.it\/wp-content\/uploads\/2024\/10\/Ghezzi-Renzo-Lavorazioni-hero-768x240.webp);\" role=\"img\" aria-label=\"Ghezzi-Renzo-Lavorazioni-hero\"><\/div>\n\t\t\t\t<div class=\"elementor-cta__bg-overlay\"><\/div>\n\t\t\t<\/div>\n\t\t\t\t\t\t\t<div class=\"elementor-cta__content\">\n\t\t\t\t\n\t\t\t\t\t\t\t\t\t<h6 class=\"elementor-cta__title elementor-cta__content-item elementor-content-item elementor-animated-item--move-up\">\n\t\t\t\t\t\tUnsere Bearbeitungen\t\t\t\t\t<\/h6>\n\t\t\t\t\n\t\t\t\t\n\t\t\t\t\t\t\t<\/div>\n\t\t\t\t\t\t<\/a>\n\t\t\t\t\t\t<\/div>\n\t\t\t\t<\/div>\n\t\t\t\t\t<\/div>\n\t\t\t\t<\/div>\n\t\t<div class=\"elementor-element elementor-element-2d4fb34 e-flex e-con-boxed e-con e-parent\" data-id=\"2d4fb34\" data-element_type=\"container\">\n\t\t\t\t\t<div class=\"e-con-inner\">\n\t\t<div class=\"elementor-element elementor-element-e58e9ee e-con-full e-flex e-con e-child\" data-id=\"e58e9ee\" data-element_type=\"container\">\n\t\t\t\t<div class=\"elementor-element elementor-element-62fd68f elementor-widget__width-initial elementor-widget-tablet__width-inherit elementor-widget elementor-widget-heading\" data-id=\"62fd68f\" data-element_type=\"widget\" data-widget_type=\"heading.default\">\n\t\t\t\t\t<h3 class=\"elementor-heading-title elementor-size-default\">Hocheffizienter <font class=\"evidenza\">CNC-Maschinenpark<\/font><\/h3>\t\t\t\t<\/div>\n\t\t\t\t<div class=\"elementor-element elementor-element-66841a6 elementor-widget__width-initial elementor-widget-tablet__width-inherit elementor-widget elementor-widget-text-editor\" data-id=\"66841a6\" data-element_type=\"widget\" data-widget_type=\"text-editor.default\">\n\t\t\t\t\t\t\t\t\t<p>Mit unseren CNC-Stangen- und Drehautomaten, CNC-Fr\u00e4smaschinen und Langdrehern f\u00fchren wir komplexe Bearbeitungen durch, die eine hohe Qualit\u00e4t jedes Teils gew\u00e4hrleisten.<\/p>\n<p>Die st\u00e4ndige Wartung und Aktualisierung des Maschinenparks erm\u00f6glicht es uns, die Effizienz und Zuverl\u00e4ssigkeit aufrechtzuerhalten und schnell auf die Bed\u00fcrfnisse der Kunden zu reagieren, ohne dabei die hohen Pr\u00e4zisions- und Qualit\u00e4tsstandards zu vernachl\u00e4ssigen.<\/p>\n\t\t\t\t\t\t\t\t<\/div>\n\t\t\t\t<div class=\"elementor-element elementor-element-c6237d9 elementor-hidden-desktop elementor-widget elementor-widget-image\" data-id=\"c6237d9\" data-element_type=\"widget\" data-widget_type=\"image.default\">\n\t\t\t\t\t\t\t\t\t\t\t\t\t\t\t<img decoding=\"async\" width=\"800\" height=\"453\" src=\"https:\/\/www.ghezzirenzo.it\/wp-content\/uploads\/2024\/10\/Ghezzi-Renzo-parco-macchine-cnc.webp\" class=\"attachment-large size-large wp-image-853\" alt=\"Ghezzi Renzo\" srcset=\"https:\/\/www.ghezzirenzo.it\/wp-content\/uploads\/2024\/10\/Ghezzi-Renzo-parco-macchine-cnc.webp 997w, https:\/\/www.ghezzirenzo.it\/wp-content\/uploads\/2024\/10\/Ghezzi-Renzo-parco-macchine-cnc-300x170.webp 300w, https:\/\/www.ghezzirenzo.it\/wp-content\/uploads\/2024\/10\/Ghezzi-Renzo-parco-macchine-cnc-768x434.webp 768w\" sizes=\"(max-width: 800px) 100vw, 800px\" title=\"Ghezzi Renzo\">\t\t\t\t\t\t\t\t\t\t\t\t\t\t\t<\/div>\n\t\t\t\t<div class=\"elementor-element elementor-element-25661ec elementor-widget elementor-widget-button\" data-id=\"25661ec\" data-element_type=\"widget\" data-widget_type=\"button.default\">\n\t\t\t\t\t\t\t\t\t\t<a class=\"elementor-button elementor-button-link elementor-size-sm\" href=\"https:\/\/www.ghezzirenzo.it\/de\/maschinenpark\/\">\n\t\t\t\t\t\t<span class=\"elementor-button-content-wrapper\">\n\t\t\t\t\t\t\t\t\t<span class=\"elementor-button-text\">Maschinenpark<\/span>\n\t\t\t\t\t<\/span>\n\t\t\t\t\t<\/a>\n\t\t\t\t\t\t\t\t<\/div>\n\t\t\t\t<div class=\"elementor-element elementor-element-9db11ce elementor-absolute elementor-hidden-tablet elementor-hidden-mobile elementor-widget elementor-widget-image\" data-id=\"9db11ce\" data-element_type=\"widget\" data-settings=\"{&quot;_position&quot;:&quot;absolute&quot;}\" data-widget_type=\"image.default\">\n\t\t\t\t\t\t\t\t\t\t\t\t\t\t\t<img decoding=\"async\" width=\"800\" height=\"453\" src=\"https:\/\/www.ghezzirenzo.it\/wp-content\/uploads\/2024\/10\/Ghezzi-Renzo-parco-macchine-cnc.webp\" class=\"attachment-large size-large wp-image-853\" alt=\"Ghezzi Renzo\" srcset=\"https:\/\/www.ghezzirenzo.it\/wp-content\/uploads\/2024\/10\/Ghezzi-Renzo-parco-macchine-cnc.webp 997w, https:\/\/www.ghezzirenzo.it\/wp-content\/uploads\/2024\/10\/Ghezzi-Renzo-parco-macchine-cnc-300x170.webp 300w, https:\/\/www.ghezzirenzo.it\/wp-content\/uploads\/2024\/10\/Ghezzi-Renzo-parco-macchine-cnc-768x434.webp 768w\" sizes=\"(max-width: 800px) 100vw, 800px\" title=\"Ghezzi Renzo\">\t\t\t\t\t\t\t\t\t\t\t\t\t\t\t<\/div>\n\t\t\t\t<\/div>\n\t\t\t\t\t<\/div>\n\t\t\t\t<\/div>\n\t\t\t\t<\/div>\n\t\t","protected":false},"excerpt":{"rendered":"<p>CNC-Drehautomaten Ihre Form unsere Pr\u00e4zision Seit 1961 sind wir auf das Drehen und Fr\u00e4sen von AVP-Stahl, legierten St\u00e4hlen, Verg\u00fctungsst\u00e4hlen, Messing, Aluminium, Kupfer, Nylon, Delrin, PVC und Edelstahl spezialisiert. Bearbeitungen Maschinenpark Gedrehte und gefr\u00e4ste Metallteile Mit mehr als 60 Jahren Erfahrung und einem hochmodernen Maschinenpark erf\u00fcllen wir die Anforderungen der verschiedenen Branchen und garantieren Schnelligkeit, Pr\u00e4zision [&hellip;]<\/p>\n","protected":false},"author":1,"featured_media":0,"parent":0,"menu_order":0,"comment_status":"closed","ping_status":"closed","template":"","meta":{"footnotes":""},"class_list":["post-843","page","type-page","status-publish","hentry"],"_links":{"self":[{"href":"https:\/\/www.ghezzirenzo.it\/de\/wp-json\/wp\/v2\/pages\/843","targetHints":{"allow":["GET"]}}],"collection":[{"href":"https:\/\/www.ghezzirenzo.it\/de\/wp-json\/wp\/v2\/pages"}],"about":[{"href":"https:\/\/www.ghezzirenzo.it\/de\/wp-json\/wp\/v2\/types\/page"}],"author":[{"embeddable":true,"href":"https:\/\/www.ghezzirenzo.it\/de\/wp-json\/wp\/v2\/users\/1"}],"replies":[{"embeddable":true,"href":"https:\/\/www.ghezzirenzo.it\/de\/wp-json\/wp\/v2\/comments?post=843"}],"version-history":[{"count":1,"href":"https:\/\/www.ghezzirenzo.it\/de\/wp-json\/wp\/v2\/pages\/843\/revisions"}],"predecessor-version":[{"id":854,"href":"https:\/\/www.ghezzirenzo.it\/de\/wp-json\/wp\/v2\/pages\/843\/revisions\/854"}],"wp:attachment":[{"href":"https:\/\/www.ghezzirenzo.it\/de\/wp-json\/wp\/v2\/media?parent=843"}],"curies":[{"name":"wp","href":"https:\/\/api.w.org\/{rel}","templated":true}]}}